{"id":2262,"date":"2018-06-26T16:47:55","date_gmt":"2018-06-26T14:47:55","guid":{"rendered":"https:\/\/wamtechnik.pl\/products\/baterie-alkaliczne\/"},"modified":"2022-10-05T18:37:30","modified_gmt":"2022-10-05T16:37:30","slug":"batteries-alkaline","status":"publish","type":"page","link":"https:\/\/wamtechnik.pl\/en\/products\/batteries-alkaline\/","title":{"rendered":"Alkaline technology (non-rechargeable)"},"content":{"rendered":"<p><strong>Baterie alkaliczne s\u0105 powszechnie stosowane do wielu rodzaj\u00f3w zastosowa\u0144<\/strong>. Firma Wamtechnik prowadzi dwie marki tych baterii. Jest to Panasonic i Varta. Baterie alkaliczne charakteryzuj\u0105 si\u0119 niewielk\u0105 rezystancj\u0105, d\u0142ug\u0105 \u017cywotno\u015bci\u0105, du\u017c\u0105 g\u0119sto\u015bci\u0105 energii oraz zakresem temperatur od -20<sup>o<\/sup>C do +55<sup>o<\/sup>C. Napi\u0119cie pojedynczego ogniwa alkalicznego to 1,5V.<\/p>\n","protected":false},"excerpt":{"rendered":"<p>Baterie alkaliczne s\u0105 powszechnie stosowane do wielu rodzaj\u00f3w zastosowa\u0144. Firma Wamtechnik prowadzi dwie marki tych baterii. Jest to Panasonic i Varta. Baterie alkaliczne charakteryzuj\u0105 si\u0119 niewielk\u0105 rezystancj\u0105, d\u0142ug\u0105 \u017cywotno\u015bci\u0105, du\u017c\u0105 g\u0119sto\u015bci\u0105 energii oraz zakresem temperatur od -20oC do +55oC. Napi\u0119cie pojedynczego ogniwa alkalicznego to 1,5V.<\/p>\n","protected":false},"author":16,"featured_media":0,"parent":2112,"menu_order":123,"comment_status":"closed","ping_status":"closed","template":"templates\/produkty.php","meta":{"_acf_changed":false,"footnotes":""},"class_list":["post-2262","page","type-page","status-publish","hentry"],"acf":[],"yoast_head":"<!-- This site is optimized with the Yoast SEO plugin v24.1 - https:\/\/yoast.com\/wordpress\/plugins\/seo\/ -->\n<title>Alkaline technology (non-rechargeable) - Wamtechnik<\/title>\n<meta name=\"robots\" content=\"index, follow, max-snippet:-1, max-image-preview:large, max-video-preview:-1\" \/>\n<link rel=\"canonical\" href=\"https:\/\/wamtechnik.pl\/produkty\/baterie-alkaliczne\/\" \/>\n<meta property=\"og:locale\" content=\"en_US\" \/>\n<meta property=\"og:type\" content=\"article\" \/>\n<meta property=\"og:title\" content=\"Alkaline technology (non-rechargeable) - Wamtechnik\" \/>\n<meta property=\"og:description\" content=\"Baterie alkaliczne s\u0105 powszechnie stosowane do wielu rodzaj\u00f3w zastosowa\u0144. Firma Wamtechnik prowadzi dwie marki tych baterii. Jest to Panasonic i Varta. Baterie alkaliczne charakteryzuj\u0105 si\u0119 niewielk\u0105 rezystancj\u0105, d\u0142ug\u0105 \u017cywotno\u015bci\u0105, du\u017c\u0105 g\u0119sto\u015bci\u0105 energii oraz zakresem temperatur od -20oC do +55oC. Napi\u0119cie pojedynczego ogniwa alkalicznego to 1,5V.\" \/>\n<meta property=\"og:url\" content=\"https:\/\/wamtechnik.pl\/produkty\/baterie-alkaliczne\/\" \/>\n<meta property=\"og:site_name\" content=\"Wamtechnik\" \/>\n<meta property=\"article:modified_time\" content=\"2022-10-05T16:37:30+00:00\" \/>\n<meta name=\"twitter:card\" content=\"summary_large_image\" \/>\n<!-- \/ Yoast SEO plugin. -->","yoast_head_json":{"title":"Alkaline technology (non-rechargeable) - Wamtechnik","robots":{"index":"index","follow":"follow","max-snippet":"max-snippet:-1","max-image-preview":"max-image-preview:large","max-video-preview":"max-video-preview:-1"},"canonical":"https:\/\/wamtechnik.pl\/produkty\/baterie-alkaliczne\/","og_locale":"en_US","og_type":"article","og_title":"Alkaline technology (non-rechargeable) - Wamtechnik","og_description":"Baterie alkaliczne s\u0105 powszechnie stosowane do wielu rodzaj\u00f3w zastosowa\u0144. Firma Wamtechnik prowadzi dwie marki tych baterii. Jest to Panasonic i Varta. Baterie alkaliczne charakteryzuj\u0105 si\u0119 niewielk\u0105 rezystancj\u0105, d\u0142ug\u0105 \u017cywotno\u015bci\u0105, du\u017c\u0105 g\u0119sto\u015bci\u0105 energii oraz zakresem temperatur od -20oC do +55oC. Napi\u0119cie pojedynczego ogniwa alkalicznego to 1,5V.","og_url":"https:\/\/wamtechnik.pl\/produkty\/baterie-alkaliczne\/","og_site_name":"Wamtechnik","article_modified_time":"2022-10-05T16:37:30+00:00","twitter_card":"summary_large_image","schema":{"@context":"https:\/\/schema.org","@graph":[{"@type":"WebPage","@id":"https:\/\/wamtechnik.pl\/produkty\/baterie-alkaliczne\/","url":"https:\/\/wamtechnik.pl\/produkty\/baterie-alkaliczne\/","name":"Alkaline technology (non-rechargeable) - Wamtechnik","isPartOf":{"@id":"https:\/\/wamtechnik.pl\/#website"},"datePublished":"2018-06-26T14:47:55+00:00","dateModified":"2022-10-05T16:37:30+00:00","breadcrumb":{"@id":"https:\/\/wamtechnik.pl\/produkty\/baterie-alkaliczne\/#breadcrumb"},"inLanguage":"en-US","potentialAction":[{"@type":"ReadAction","target":["https:\/\/wamtechnik.pl\/produkty\/baterie-alkaliczne\/"]}]},{"@type":"BreadcrumbList","@id":"https:\/\/wamtechnik.pl\/produkty\/baterie-alkaliczne\/#breadcrumb","itemListElement":[{"@type":"ListItem","position":1,"name":"Home","item":"https:\/\/wamtechnik.pl\/en\/"},{"@type":"ListItem","position":2,"name":"Products","item":"https:\/\/wamtechnik.pl\/en\/products\/"},{"@type":"ListItem","position":3,"name":"Alkaline technology (non-rechargeable)"}]},{"@type":"WebSite","@id":"https:\/\/wamtechnik.pl\/#website","url":"https:\/\/wamtechnik.pl\/","name":"Wamtechnik","description":"Wamtechnik","potentialAction":[{"@type":"SearchAction","target":{"@type":"EntryPoint","urlTemplate":"https:\/\/wamtechnik.pl\/?s={search_term_string}"},"query-input":{"@type":"PropertyValueSpecification","valueRequired":true,"valueName":"search_term_string"}}],"inLanguage":"en-US"}]}},"_links":{"self":[{"href":"https:\/\/wamtechnik.pl\/en\/wp-json\/wp\/v2\/pages\/2262","targetHints":{"allow":["GET"]}}],"collection":[{"href":"https:\/\/wamtechnik.pl\/en\/wp-json\/wp\/v2\/pages"}],"about":[{"href":"https:\/\/wamtechnik.pl\/en\/wp-json\/wp\/v2\/types\/page"}],"author":[{"embeddable":true,"href":"https:\/\/wamtechnik.pl\/en\/wp-json\/wp\/v2\/users\/16"}],"replies":[{"embeddable":true,"href":"https:\/\/wamtechnik.pl\/en\/wp-json\/wp\/v2\/comments?post=2262"}],"version-history":[{"count":2,"href":"https:\/\/wamtechnik.pl\/en\/wp-json\/wp\/v2\/pages\/2262\/revisions"}],"predecessor-version":[{"id":7055,"href":"https:\/\/wamtechnik.pl\/en\/wp-json\/wp\/v2\/pages\/2262\/revisions\/7055"}],"up":[{"embeddable":true,"href":"https:\/\/wamtechnik.pl\/en\/wp-json\/wp\/v2\/pages\/2112"}],"wp:attachment":[{"href":"https:\/\/wamtechnik.pl\/en\/wp-json\/wp\/v2\/media?parent=2262"}],"curies":[{"name":"wp","href":"https:\/\/api.w.org\/{rel}","templated":true}]}}